{"id":79,"date":"2018-11-18T11:23:19","date_gmt":"2018-11-18T11:23:19","guid":{"rendered":"http:\/\/xbirdz.de\/?page_id=79"},"modified":"2018-11-18T20:39:54","modified_gmt":"2018-11-18T20:39:54","slug":"biografie","status":"publish","type":"page","link":"https:\/\/xbirdz.de\/?page_id=79","title":{"rendered":"Biografie"},"content":{"rendered":"<h1><strong>XBirdZ<\/strong><\/h1>\n<h2 style=\"text-align: left;\"><strong>J\u00fcrgen Benninger<\/strong> &#8211; Schlagzeug<\/h2>\n<h2><strong>Jan Buck<\/strong> &#8211; Bass<\/h2>\n<h2><strong>Dirk Grabenhorst<\/strong> &#8211; Gitarre<\/h2>\n<h2><strong>Friedemann Schweiker<\/strong> &#8211; Gesang \/ Keyboard<\/h2>\n<p>&nbsp;<\/p>\n<p>Gegr\u00fcndet 1994 als &#8220;Thirty Dirty Birds&#8221; von Friedemann Schweiker (Voc, Key) und Rainer Veith (Git) entstanden die ersten Songs, von denen zwei nach wie vor zum <span class=\"text_exposed_show\">festen Repertoire geh\u00f6ren (&#8220;Reggae&#8221;, &#8220;Fiction&#8221;).<br \/>\nKomplettiert wurde die Band kurz darauf von Paul Grini (Bs) und Laszlo Lepeda (Dr).<\/span><\/p>\n<p><span class=\"text_exposed_show\">Nach dem Ausstieg von Rainer kam 1996 zun\u00e4chst Dirk Grabenhorst (Git) und ein paar Monate sp\u00e4ter Thoralf Herrmann (Git) dazu. Als &#8220;Birds of Appetite&#8221; machten die 5 aus Reutlingen\/ T\u00fcbingen weiter, sp\u00e4ter mit Drummer Uwe Reutter, ab 1997 stieg J\u00fcrgen Benninger als Schlagzeuger ein. <\/span><\/p>\n<p><span class=\"text_exposed_show\">1999 wurde die EP &#8220;Afraid of life&#8221; mit 5 Songs aufgenommen (&#8220;Push&#8221;, &#8220;Afraid of life&#8221;, &#8220;Reggae&#8221;, &#8220;TTB&#8221;, &#8220;Election day&#8221;). Im Jahr 2000 kam mit Jan Buck am Bass das letzte aktuelle Mitglied der Band hinzu. <\/span><\/p>\n<p><span class=\"text_exposed_show\">Seit 2001 tritt die Band mit neuem Namen XBirdZ auf. 2008\/09 entstanden im Proberaum Aufnahmen von weiteren 4 Songs (&#8220;Fuck it&#8221;, &#8220;War games&#8221;, &#8220;Fiction&#8221;, &#8220;Take off&#8221;).<\/span><\/p>\n<p><span class=\"text_exposed_show\">Im Oktober 2011 hat Thoralf die Band verlassen, wir machen zu viert weiter und sind gerade dabei, unser Repertoire umzuarrangieren und arbeiten an neuen Songs&#8230;<\/span><\/p>\n<p>2013 mussten wir unseren Proberaum aufgeben und waren daher gezwungen, einige Monate bei J\u00fcrgen im Keller &#8220;unplugged&#8221; zu proben. 2014 haben wir unser aktuelles zu Hause im Wagner-Geb\u00e4ude in Reutlingen bezogen.<\/p>\n<p>&nbsp;<\/p>\n","protected":false},"excerpt":{"rendered":"<p>XBirdZ J\u00fcrgen Benninger &#8211; Schlagzeug Jan Buck &#8211; Bass Dirk Grabenhorst &#8211; Gitarre Friedemann Schweiker &#8211; Gesang \/ Keyboard &nbsp; Gegr\u00fcndet 1994 als &#8220;Thirty Dirty Birds&#8221; von Friedemann Schweiker (Voc, Key) und Rainer Veith (Git) entstanden die ersten Songs, von denen zwei nach wie vor zum festen Repertoire geh\u00f6ren (&#8220;Reggae&#8221;, &#8220;Fiction&#8221;). Komplettiert wurde die Band &#8230; <a title=\"Biografie\" class=\"read-more\" href=\"https:\/\/xbirdz.de\/?page_id=79\">Read more<span class=\"screen-reader-text\">Biografie<\/span><\/a><\/p>\n","protected":false},"author":3,"featured_media":0,"parent":0,"menu_order":0,"comment_status":"closed","ping_status":"closed","template":"","meta":[],"_links":{"self":[{"href":"https:\/\/xbirdz.de\/index.php?rest_route=\/wp\/v2\/pages\/79"}],"collection":[{"href":"https:\/\/xbirdz.de\/index.php?rest_route=\/wp\/v2\/pages"}],"about":[{"href":"https:\/\/xbirdz.de\/index.php?rest_route=\/wp\/v2\/types\/page"}],"author":[{"embeddable":true,"href":"https:\/\/xbirdz.de\/index.php?rest_route=\/wp\/v2\/users\/3"}],"replies":[{"embeddable":true,"href":"https:\/\/xbirdz.de\/index.php?rest_route=%2Fwp%2Fv2%2Fcomments&post=79"}],"version-history":[{"count":5,"href":"https:\/\/xbirdz.de\/index.php?rest_route=\/wp\/v2\/pages\/79\/revisions"}],"predecessor-version":[{"id":151,"href":"https:\/\/xbirdz.de\/index.php?rest_route=\/wp\/v2\/pages\/79\/revisions\/151"}],"wp:attachment":[{"href":"https:\/\/xbirdz.de\/index.php?rest_route=%2Fwp%2Fv2%2Fmedia&parent=79"}],"curies":[{"name":"wp","href":"https:\/\/api.w.org\/{rel}","templated":true}]}}